{"id":2881,"date":"2019-01-28T15:00:07","date_gmt":"2019-01-28T13:00:07","guid":{"rendered":"https:\/\/www.futuretrends.ch\/blog\/?page_id=2881"},"modified":"2019-01-28T20:42:39","modified_gmt":"2019-01-28T18:42:39","slug":"wie-funktioniert-ein-nd-filter","status":"publish","type":"page","link":"https:\/\/www.futuretrends.ch\/blog\/wie-funktioniert-ein-nd-filter\/","title":{"rendered":"Wie funktioniert ein ND Filter ?"},"content":{"rendered":"\n<p>Wer schon mal eine Drohne geflogen hat, wird fr\u00fcher oder sp\u00e4ter im Gespr\u00e4ch mit anderen Piloten, relativ schnell auf das Thema ND Filter kommen. Aber was genau macht ein aufgesetzter ND Filter mit Aufnahmen?<\/p>\n\n\n\n<p>Etwas visuelles in Worte zu fassen, ist relativ Komplex. Damit Du Dir ein Bild machen kannst, was welcher ND Filter wo bewirkt, haben wir eine Vorher Nachher Grafik erstellt, welche die Licht Manipulation visualisiert.<\/p>\n\n\n\n<div id=\"twenty20-1\" class=\"twenty20\" style=\"width: 100% !important; clear: both; float: right; margin-left: 20px;\"><div class=\"twentytwenty-container twenty20-1 t20-hover\"><img decoding=\"async\" src=\"https:\/\/www.futuretrends.ch\/blog\/wp-content\/uploads\/2019\/01\/nd-filter-before-1160x497.png\" alt=\"Before image\" \/><img decoding=\"async\" src=\"https:\/\/www.futuretrends.ch\/blog\/wp-content\/uploads\/2019\/01\/nd-filter-after-1160x497.png\" alt=\"After image\" \/><\/div><\/div>\n\n\n\n<p><\/p>\n","protected":false},"excerpt":{"rendered":"<div class=\"post-more\"><a href=\"https:\/\/www.futuretrends.ch\/blog\/wie-funktioniert-ein-nd-filter\/\" class=\"button button-primary button-effect\"><span>Weiterlesen<\/span><span><i class=\"cs-icon cs-icon-arrow-right\"><\/i><\/span><\/a><\/div>\n","protected":false},"author":1,"featured_media":2787,"parent":0,"menu_order":0,"comment_status":"closed","ping_status":"closed","template":"","meta":{"footnotes":""},"class_list":["post-2881","page","type-page","status-publish","has-post-thumbnail"],"_links":{"self":[{"href":"https:\/\/www.futuretrends.ch\/blog\/wp-json\/wp\/v2\/pages\/2881","targetHints":{"allow":["GET"]}}],"collection":[{"href":"https:\/\/www.futuretrends.ch\/blog\/wp-json\/wp\/v2\/pages"}],"about":[{"href":"https:\/\/www.futuretrends.ch\/blog\/wp-json\/wp\/v2\/types\/page"}],"author":[{"embeddable":true,"href":"https:\/\/www.futuretrends.ch\/blog\/wp-json\/wp\/v2\/users\/1"}],"replies":[{"embeddable":true,"href":"https:\/\/www.futuretrends.ch\/blog\/wp-json\/wp\/v2\/comments?post=2881"}],"version-history":[{"count":2,"href":"https:\/\/www.futuretrends.ch\/blog\/wp-json\/wp\/v2\/pages\/2881\/revisions"}],"predecessor-version":[{"id":2883,"href":"https:\/\/www.futuretrends.ch\/blog\/wp-json\/wp\/v2\/pages\/2881\/revisions\/2883"}],"wp:featuredmedia":[{"embeddable":true,"href":"https:\/\/www.futuretrends.ch\/blog\/wp-json\/wp\/v2\/media\/2787"}],"wp:attachment":[{"href":"https:\/\/www.futuretrends.ch\/blog\/wp-json\/wp\/v2\/media?parent=2881"}],"curies":[{"name":"wp","href":"https:\/\/api.w.org\/{rel}","templated":true}]}}